{"id":10,"date":"2018-10-16T17:50:35","date_gmt":"2018-10-16T17:50:35","guid":{"rendered":"http:\/\/bateriasgts.com.br\/site-bkp-2018\/?page_id=10"},"modified":"2018-10-16T17:50:35","modified_gmt":"2018-10-16T17:50:35","slug":"sobre-nos","status":"publish","type":"page","link":"http:\/\/bateriasgts.com.br\/site\/sobre-nos\/","title":{"rendered":"Sobre n\u00f3s"},"content":{"rendered":"<p>Baterias GTS multimarcas, temos mais de 20 anos de experi\u00eancia com baterias e a 2 anos estamos tamb\u00e9m com a loja oferecendo o melhor atendimento com um pre\u00e7o justo sempre com produtos de alta qualidades. A nossa meta \u00e9 realizar o melhor servi\u00e7o para voc\u00ea.<\/p>\n","protected":false},"excerpt":{"rendered":"<p>Baterias GTS multimarcas, temos mais de 20 anos de experi\u00eancia com baterias e a 2 anos estamos tamb\u00e9m com a loja oferecendo o melhor atendimento com um pre\u00e7o justo sempre com produtos de alta qualidades. A nossa meta \u00e9 realizar o melhor servi\u00e7o para voc\u00ea.<\/p>\n","protected":false},"author":1,"featured_media":0,"parent":0,"menu_order":0,"comment_status":"closed","ping_status":"closed","template":"","meta":[],"_links":{"self":[{"href":"http:\/\/bateriasgts.com.br\/site\/wp-json\/wp\/v2\/pages\/10"}],"collection":[{"href":"http:\/\/bateriasgts.com.br\/site\/wp-json\/wp\/v2\/pages"}],"about":[{"href":"http:\/\/bateriasgts.com.br\/site\/wp-json\/wp\/v2\/types\/page"}],"author":[{"embeddable":true,"href":"http:\/\/bateriasgts.com.br\/site\/wp-json\/wp\/v2\/users\/1"}],"replies":[{"embeddable":true,"href":"http:\/\/bateriasgts.com.br\/site\/wp-json\/wp\/v2\/comments?post=10"}],"version-history":[{"count":0,"href":"http:\/\/bateriasgts.com.br\/site\/wp-json\/wp\/v2\/pages\/10\/revisions"}],"wp:attachment":[{"href":"http:\/\/bateriasgts.com.br\/site\/wp-json\/wp\/v2\/media?parent=10"}],"curies":[{"name":"wp","href":"https:\/\/api.w.org\/{rel}","templated":true}]}}